{"id":1748,"date":"2019-06-28T19:03:17","date_gmt":"2019-06-28T17:03:17","guid":{"rendered":"https:\/\/insara.frescoyfino.com\/politica-de-cookies\/"},"modified":"2019-06-28T19:15:38","modified_gmt":"2019-06-28T17:15:38","slug":"politica-de-cookies","status":"publish","type":"page","link":"https:\/\/insara.frescoyfino.com\/es\/politica-de-cookies\/","title":{"rendered":"Pol\u00edtica de cookies"},"content":{"rendered":"<div class=\"wpb-content-wrapper\"><p>[vc_row][vc_column]<div class=\"espacio_medium\"><\/div>[vc_row_inner][vc_column_inner width=&#8221;1\/6&#8243;][\/vc_column_inner][vc_column_inner width=&#8221;2\/3&#8243;]<div class=\"fuente_large fuente_gris_oscuro text-center text-md-center text-lg-center \"><\/p>\n<h1>Pol\u00edtica de cookies<\/h1>\n<p><\/div><div class=\"espacio_small\"><\/div>[\/vc_column_inner][vc_column_inner width=&#8221;1\/6&#8243;][\/vc_column_inner][\/vc_row_inner]<div class=\"espacio_extralarge\"><\/div>[\/vc_column][\/vc_row][vc_row][vc_column][vc_column_text]En Grupo Insara utilizamos cookies con el objetivo de prestar un mejor servicio y proporcionarte una mejor experiencia en tu navegaci\u00f3n. Queremos informarte de manera clara y precisa sobre las cookies que utilizamos, detallando a continuaci\u00f3n, qu\u00e9 es una cookie, para qu\u00e9 sirve, qu\u00e9 tipos de cookies utilizamos, cuales son su finalidad y c\u00f3mo puedes configurarlas.[\/vc_column_text]<div class=\"espacio_medium\"><\/div>[\/vc_column][\/vc_row][vc_row][vc_column]<div class=\"fuente_medium fuente_gris_oscuro text-left text-md-left text-lg-left \">\u00bfQu\u00e9 es una cookie y para qu\u00e9 sirve?<\/div><div class=\"espacio_small\"><\/div>[vc_column_text]Una &#8220;Cookie&#8221; es un peque\u00f1o archivo que se almacena en el ordenador del usuario, Tablet, Smartphone o cualquier otro dispositivo con informaci\u00f3n sobre la navegaci\u00f3n.[\/vc_column_text]<div class=\"espacio_small\"><\/div>[vc_column_text]El conjunto de &#8220;cookies&#8221; de todos nuestros usuarios nos ayuda a mejorar la calidad de nuestra web, permiti\u00e9ndonos controlar qu\u00e9 p\u00e1ginas son \u00fatiles, cu\u00e1les no y cu\u00e1les son susceptibles de mejora.[\/vc_column_text]<div class=\"espacio_small\"><\/div>[vc_column_text]Las cookies son esenciales para el funcionamiento de internet, aportando innumerables ventajas en la prestaci\u00f3n de servicios interactivos, facilit\u00e1ndote la navegaci\u00f3n y usabilidad de nuestra web.[\/vc_column_text]<div class=\"espacio_small\"><\/div>[vc_column_text]En ning\u00fan caso las cookies podr\u00edan da\u00f1ar tu equipo. Por contra, el que est\u00e9n activas nos ayuda a identificar y resolver los errores.[\/vc_column_text]<div class=\"espacio_medium\"><\/div>[\/vc_column][\/vc_row][vc_row][vc_column]<div class=\"fuente_medium fuente_gris_oscuro text-left text-md-left text-lg-left \">\u00bfQu\u00e9 tipos de cookies utilizamos?<\/div><div class=\"espacio_small\"><\/div>[vc_column_text]Seg\u00fan la entidad que la gestiona:[\/vc_column_text]<div class=\"espacio_small\"><\/div><div class=\"bullet_li fuente_normal text-left text-md-left text-lg-left  \"><\/p>\n<ul>\n<li>Cookies propias: Son aquellas que se env\u00edan a tu equipo desde nuestros propios equipos o dominios y desde el que prestamos el servicio que nos solicitas.<\/li>\n<li>Cookies de terceros: Son aquellas que se env\u00edan a tu equipo desde un equipo o dominio que no es gestionado por nosotros, sino por otra entidad colaboradora. Como, por ejemplo, las usadas por redes sociales, o por contenido externo como Google Maps.<\/li>\n<\/ul>\n<p><\/div><div class=\"espacio_medium\"><\/div>[vc_column_text]Seg\u00fan el plazo de tiempo que permanecen activadas:[\/vc_column_text]<div class=\"espacio_small\"><\/div><div class=\"bullet_li fuente_normal text-left text-md-left text-lg-left  \"><\/p>\n<ul>\n<li>Cookies de sesi\u00f3n: Son cookies temporales que permanecen en el archivo de cookies de tu navegador hasta que abandonas la p\u00e1gina web, por lo que ninguna queda registrada en el disco duro de tu ordenador. La informaci\u00f3n obtenida por medio de estas cookies, sirven para analizar pautas de tr\u00e1fico en la web. A la larga, esto nos permite proporcionar una mejor experiencia para mejorar el contenido y facilitar su uso.<\/li>\n<li>Cookies persistentes: son almacenadas en el disco duro y nuestra web las lee cada vez que realizas una nueva visita. Una web permanente posee una fecha de expiraci\u00f3n determinada. La cookie dejar\u00e1 de funcionar despu\u00e9s de esa fecha. Estas cookies las utilizamos, generalmente, para facilitar los servicios de compra y registro.<\/li>\n<\/ul>\n<p><\/div><div class=\"espacio_medium\"><\/div>[vc_column_text]Seg\u00fan su finalidad:[\/vc_column_text]<div class=\"espacio_small\"><\/div><div class=\"bullet_li fuente_normal text-left text-md-left text-lg-left  \"><\/p>\n<ul>\n<li>Cookies t\u00e9cnicas: Son aquellas necesarias para la navegaci\u00f3n y el buen funcionamiento de nuestra p\u00e1gina web. Permiten, por ejemplo, controlar el tr\u00e1fico y la comunicaci\u00f3n de datos, acceder a partes de acceso restringido, realizar el proceso de compra de un pedido, utilizar elementos de seguridad, almacenar contenidos para poder difundir v\u00eddeos o compartir contenidos a trav\u00e9s de redes sociales.<\/li>\n<li>Cookies de personalizaci\u00f3n: Son aqu\u00e9llas que te permiten acceder al servicio con unas caracter\u00edsticas predefinidas en funci\u00f3n de una serie de criterios, como por ejemplo el idioma, el tipo de navegador a trav\u00e9s del cual se accede al servicio, la configuraci\u00f3n regional desde donde se accede al servicio, etc.<\/li>\n<li>Cookies de an\u00e1lisis: Son aqu\u00e9llas que nos permiten cuantificar el n\u00famero de usuarios y as\u00ed realizar la medici\u00f3n y an\u00e1lisis estad\u00edstico de la utilizaci\u00f3n que hacen los usuarios de los servicios prestados.<\/li>\n<\/ul>\n<p><\/div><div class=\"espacio_medium\"><\/div>[vc_column_text]Para ello se analiza su navegaci\u00f3n en nuestra p\u00e1gina web con el fin de mejorar la oferta de productos y servicios que ofrecemos.[\/vc_column_text]<div class=\"espacio_small\"><\/div><div class=\"bullet_li fuente_normal text-left text-md-left text-lg-left  \"><\/p>\n<ul>\n<li>Cookies publicitarias: Son aqu\u00e9llas que permiten la gesti\u00f3n, de la forma m\u00e1s eficaz posible, de los espacios publicitarios que se pudieran incluir en nuestra p\u00e1gina web.<\/li>\n<li>Cookies de publicidad comportamental: Estas cookies almacenan informaci\u00f3n del comportamiento de los usuarios obtenida a trav\u00e9s de la observaci\u00f3n continuada. Gracias a ellas, podemos conocer los h\u00e1bitos de navegaci\u00f3n en internet y mostrarte publicidad relacionada con tu perfil de navegaci\u00f3n.<\/li>\n<\/ul>\n<p><\/div><div class=\"espacio_medium\"><\/div>[\/vc_column][\/vc_row][vc_row][vc_column]<div class=\"fuente_medium fuente_gris_oscuro text-left text-md-left text-lg-left \">Finalidad de cada una de las cookies utilizadas<\/div><div class=\"espacio_small\"><\/div>[vc_column_text]A continuaci\u00f3n, detallamos las cookies utilizadas en nuestra web y la finalidad de las mismas:[\/vc_column_text]<div class=\"espacio_small\"><\/div>[\/vc_column][\/vc_row][vc_row][vc_column][vc_column_text]<strong>Google Analytics.<\/strong> Generan un ID de usuario an\u00f3nimo, que es el que se utiliza para hacer recuento de cuantas veces visita el sitio un usuario. Tambi\u00e9n registra cuando fue la primera y la \u00faltima vez que visit\u00f3 la web. Asimismo, calcula cuando se ha terminado una sesi\u00f3n, origen del usuario, y keywords.[\/vc_column_text]<div class=\"espacio_small\"><\/div>[\/vc_column][\/vc_row][vc_row][vc_column][vc_column_text]<strong>Google AdWords.<\/strong> Para proveer a los usuarios de productos relevantes que puedan ser de su inter\u00e9s a las personas que hayan visitado la web con anterioridad.[\/vc_column_text]<div class=\"espacio_small\"><\/div>[\/vc_column][\/vc_row][vc_row][vc_column][vc_column_text]<strong>NOTA:<\/strong> Esta lista se actualizar\u00e1 con la mayor celeridad posible a medida que cambien los servicios del sitio web ofrecidos en el mismo. Sin embargo, ocasionalmente durante esta actualizaci\u00f3n puede ser que la lista no incluya ya una cookie, aunque siempre se referir\u00e1 a cookies con prop\u00f3sitos id\u00e9nticos a los registrados en esta lista.[\/vc_column_text]<div class=\"espacio_small\"><\/div>[\/vc_column][\/vc_row][vc_row][vc_column]<div class=\"fuente_medium fuente_gris_oscuro text-left text-md-left text-lg-left \">\u00bfC\u00f3mo puedes configurar o deshabilitar tus cookies?<\/div><div class=\"espacio_small\"><\/div>[vc_column_text]Puedes permitir, bloquear o eliminar las cookies instaladas en tu equipo mediante la configuraci\u00f3n de las opciones de tu navegador de Internet. En caso de que no permitas la instalaci\u00f3n de cookies en tu navegador es posible que no puedas acceder a algunos de los servicios y que tu experiencia en nuestra web pueda resultar menos satisfactoria. En los siguientes enlaces tienes a tu disposici\u00f3n toda la informaci\u00f3n para configurar o deshabilitar tus cookies en cada navegador:[\/vc_column_text]<div class=\"espacio_small\"><\/div><div class=\"bullet_li fuente_normal text-left text-md-left text-lg-left  \"><\/p>\n<ul>\n<li>Google Chrome (<a href=\"https:\/\/support.google.com\/chrome\/answer\/95647?hl=es\" target=\"_blank\" rel=\"noopener noreferrer\">https:\/\/support.google.com\/chrome\/answer\/95647?hl=es<\/a>)<\/li>\n<li>Mozilla Firefox (<a href=\"https:\/\/support.mozilla.org\/es\/kb\/habilitar-y-deshabilitar-cookies-sitios-web-rastrear-preferencias?redirectlocale=es&amp;redirectslug=habilitar-y-deshabilitar-cookies-que-los-sitios-we\" target=\"_blank\" rel=\"noopener noreferrer\">https:\/\/support.mozilla.org\/es\/kb\/habilitar-y-deshabilitar-cookies-sitios-web-rastrear-preferencias?redirectlocale=es&amp;redirectslug=habilitar-y-deshabilitar-cookies-que-los-sitios-we<\/a>)<\/li>\n<li>Internet Explorer (<a href=\"https:\/\/support.microsoft.com\/es-es\/help\/17442\/windows-internet-explorer-delete-manage-cookies\" target=\"_blank\" rel=\"noopener noreferrer\">https:\/\/support.microsoft.com\/es-es\/help\/17442\/windows-internet-explorer-delete-manage-cookies<\/a>)<\/li>\n<li>Safari (<a href=\"https:\/\/support.apple.com\/kb\/ph5042?locale=es_ES&amp;viewlocale=es_es\" target=\"_blank\" rel=\"noopener noreferrer\">https:\/\/support.apple.com\/kb\/ph5042?locale=es_ES&amp;viewlocale=es_es<\/a>)<\/li>\n<li>Safari for IOS (iPhone y iPad) (<a href=\"https:\/\/support.apple.com\/es-es\/HT201265\" target=\"_blank\" rel=\"noopener noreferrer\">https:\/\/support.apple.com\/es-es\/HT201265<\/a>)<\/li>\n<li>Chrome for Android (<a href=\"https:\/\/support.google.com\/chrome\/answer\/114662?hl=es&amp;visit_id=1-636565516049407258-895727834&amp;rd=1\" target=\"_blank\" rel=\"noopener noreferrer\">https:\/\/support.google.com\/chrome\/answer\/114662?hl=es&amp;visit_id=1-636565516049407258-895727834&amp;rd=1<\/a>)<\/li>\n<\/ul>\n<p><\/div><div class=\"espacio_large\"><\/div>[\/vc_column][\/vc_row]<\/p>\n<\/div>","protected":false},"excerpt":{"rendered":"<p>[vc_row][vc_column][vc_row_inner][vc_column_inner width=&#8221;1\/6&#8243;][\/vc_column_inner][vc_column_inner width=&#8221;2\/3&#8243;][\/vc_column_inner][vc_column_inner width=&#8221;1\/6&#8243;][\/vc_column_inner][\/vc_row_inner][\/vc_column][\/vc_row][vc_row][vc_column][vc_column_text]En Grupo Insara utilizamos cookies con el objetivo de prestar un mejor servicio y proporcionarte una mejor experiencia en tu navegaci\u00f3n. Queremos informarte de manera clara y precisa sobre las cookies que utilizamos, detallando a continuaci\u00f3n, qu\u00e9 es una cookie, para qu\u00e9 sirve, qu\u00e9 tipos de cookies utilizamos, cuales son su finalidad [&hellip;]<\/p>\n","protected":false},"author":1,"featured_media":0,"parent":0,"menu_order":0,"comment_status":"closed","ping_status":"closed","template":"","meta":{"_acf_changed":false,"footnotes":""},"class_list":["post-1748","page","type-page","status-publish","hentry"],"acf":[],"yoast_head":"<!-- This site is optimized with the Yoast SEO plugin v23.6 - https:\/\/yoast.com\/wordpress\/plugins\/seo\/ -->\n<title>Pol\u00edtica de cookies - Grupo Insara Developments<\/title>\n<meta name=\"robots\" content=\"index, follow, max-snippet:-1, max-image-preview:large, max-video-preview:-1\" \/>\n<link rel=\"canonical\" href=\"https:\/\/insara.frescoyfino.com\/es\/politica-de-cookies\/\" \/>\n<meta property=\"og:locale\" content=\"es_ES\" \/>\n<meta property=\"og:type\" content=\"article\" \/>\n<meta property=\"og:title\" content=\"Pol\u00edtica de cookies - Grupo Insara Developments\" \/>\n<meta property=\"og:description\" content=\"[vc_row][vc_column][vc_row_inner][vc_column_inner width=&#8221;1\/6&#8243;][\/vc_column_inner][vc_column_inner width=&#8221;2\/3&#8243;][\/vc_column_inner][vc_column_inner width=&#8221;1\/6&#8243;][\/vc_column_inner][\/vc_row_inner][\/vc_column][\/vc_row][vc_row][vc_column][vc_column_text]En Grupo Insara utilizamos cookies con el objetivo de prestar un mejor servicio y proporcionarte una mejor experiencia en tu navegaci\u00f3n. Queremos informarte de manera clara y precisa sobre las cookies que utilizamos, detallando a continuaci\u00f3n, qu\u00e9 es una cookie, para qu\u00e9 sirve, qu\u00e9 tipos de cookies utilizamos, cuales son su finalidad [&hellip;]\" \/>\n<meta property=\"og:url\" content=\"https:\/\/insara.frescoyfino.com\/es\/politica-de-cookies\/\" \/>\n<meta property=\"og:site_name\" content=\"Grupo Insara Developments\" \/>\n<meta property=\"article:modified_time\" content=\"2019-06-28T17:15:38+00:00\" \/>\n<meta name=\"twitter:card\" content=\"summary_large_image\" \/>\n<meta name=\"twitter:label1\" content=\"Est. reading time\" \/>\n\t<meta name=\"twitter:data1\" content=\"7 minutes\" \/>\n<script type=\"application\/ld+json\" class=\"yoast-schema-graph\">{\"@context\":\"https:\/\/schema.org\",\"@graph\":[{\"@type\":\"WebPage\",\"@id\":\"https:\/\/insara.frescoyfino.com\/es\/politica-de-cookies\/\",\"url\":\"https:\/\/insara.frescoyfino.com\/es\/politica-de-cookies\/\",\"name\":\"Pol\u00edtica de cookies - Grupo Insara Developments\",\"isPartOf\":{\"@id\":\"https:\/\/insara.frescoyfino.com\/es\/#website\"},\"datePublished\":\"2019-06-28T17:03:17+00:00\",\"dateModified\":\"2019-06-28T17:15:38+00:00\",\"breadcrumb\":{\"@id\":\"https:\/\/insara.frescoyfino.com\/es\/politica-de-cookies\/#breadcrumb\"},\"inLanguage\":\"es-ES\",\"potentialAction\":[{\"@type\":\"ReadAction\",\"target\":[\"https:\/\/insara.frescoyfino.com\/es\/politica-de-cookies\/\"]}]},{\"@type\":\"BreadcrumbList\",\"@id\":\"https:\/\/insara.frescoyfino.com\/es\/politica-de-cookies\/#breadcrumb\",\"itemListElement\":[{\"@type\":\"ListItem\",\"position\":1,\"name\":\"Portada\",\"item\":\"https:\/\/insara.frescoyfino.com\/es\/\"},{\"@type\":\"ListItem\",\"position\":2,\"name\":\"Pol\u00edtica de cookies\"}]},{\"@type\":\"WebSite\",\"@id\":\"https:\/\/insara.frescoyfino.com\/es\/#website\",\"url\":\"https:\/\/insara.frescoyfino.com\/es\/\",\"name\":\"Grupo Insara Developments\",\"description\":\"Enjoy your home in the Mediterranean\",\"potentialAction\":[{\"@type\":\"SearchAction\",\"target\":{\"@type\":\"EntryPoint\",\"urlTemplate\":\"https:\/\/insara.frescoyfino.com\/es\/?s={search_term_string}\"},\"query-input\":{\"@type\":\"PropertyValueSpecification\",\"valueRequired\":true,\"valueName\":\"search_term_string\"}}],\"inLanguage\":\"es-ES\"}]}<\/script>\n<!-- \/ Yoast SEO plugin. -->","yoast_head_json":{"title":"Pol\u00edtica de cookies - Grupo Insara Developments","robots":{"index":"index","follow":"follow","max-snippet":"max-snippet:-1","max-image-preview":"max-image-preview:large","max-video-preview":"max-video-preview:-1"},"canonical":"https:\/\/insara.frescoyfino.com\/es\/politica-de-cookies\/","og_locale":"es_ES","og_type":"article","og_title":"Pol\u00edtica de cookies - Grupo Insara Developments","og_description":"[vc_row][vc_column][vc_row_inner][vc_column_inner width=&#8221;1\/6&#8243;][\/vc_column_inner][vc_column_inner width=&#8221;2\/3&#8243;][\/vc_column_inner][vc_column_inner width=&#8221;1\/6&#8243;][\/vc_column_inner][\/vc_row_inner][\/vc_column][\/vc_row][vc_row][vc_column][vc_column_text]En Grupo Insara utilizamos cookies con el objetivo de prestar un mejor servicio y proporcionarte una mejor experiencia en tu navegaci\u00f3n. Queremos informarte de manera clara y precisa sobre las cookies que utilizamos, detallando a continuaci\u00f3n, qu\u00e9 es una cookie, para qu\u00e9 sirve, qu\u00e9 tipos de cookies utilizamos, cuales son su finalidad [&hellip;]","og_url":"https:\/\/insara.frescoyfino.com\/es\/politica-de-cookies\/","og_site_name":"Grupo Insara Developments","article_modified_time":"2019-06-28T17:15:38+00:00","twitter_card":"summary_large_image","twitter_misc":{"Est. reading time":"7 minutes"},"schema":{"@context":"https:\/\/schema.org","@graph":[{"@type":"WebPage","@id":"https:\/\/insara.frescoyfino.com\/es\/politica-de-cookies\/","url":"https:\/\/insara.frescoyfino.com\/es\/politica-de-cookies\/","name":"Pol\u00edtica de cookies - Grupo Insara Developments","isPartOf":{"@id":"https:\/\/insara.frescoyfino.com\/es\/#website"},"datePublished":"2019-06-28T17:03:17+00:00","dateModified":"2019-06-28T17:15:38+00:00","breadcrumb":{"@id":"https:\/\/insara.frescoyfino.com\/es\/politica-de-cookies\/#breadcrumb"},"inLanguage":"es-ES","potentialAction":[{"@type":"ReadAction","target":["https:\/\/insara.frescoyfino.com\/es\/politica-de-cookies\/"]}]},{"@type":"BreadcrumbList","@id":"https:\/\/insara.frescoyfino.com\/es\/politica-de-cookies\/#breadcrumb","itemListElement":[{"@type":"ListItem","position":1,"name":"Portada","item":"https:\/\/insara.frescoyfino.com\/es\/"},{"@type":"ListItem","position":2,"name":"Pol\u00edtica de cookies"}]},{"@type":"WebSite","@id":"https:\/\/insara.frescoyfino.com\/es\/#website","url":"https:\/\/insara.frescoyfino.com\/es\/","name":"Grupo Insara Developments","description":"Enjoy your home in the Mediterranean","potentialAction":[{"@type":"SearchAction","target":{"@type":"EntryPoint","urlTemplate":"https:\/\/insara.frescoyfino.com\/es\/?s={search_term_string}"},"query-input":{"@type":"PropertyValueSpecification","valueRequired":true,"valueName":"search_term_string"}}],"inLanguage":"es-ES"}]}},"_links":{"self":[{"href":"https:\/\/insara.frescoyfino.com\/es\/wp-json\/wp\/v2\/pages\/1748","targetHints":{"allow":["GET"]}}],"collection":[{"href":"https:\/\/insara.frescoyfino.com\/es\/wp-json\/wp\/v2\/pages"}],"about":[{"href":"https:\/\/insara.frescoyfino.com\/es\/wp-json\/wp\/v2\/types\/page"}],"author":[{"embeddable":true,"href":"https:\/\/insara.frescoyfino.com\/es\/wp-json\/wp\/v2\/users\/1"}],"replies":[{"embeddable":true,"href":"https:\/\/insara.frescoyfino.com\/es\/wp-json\/wp\/v2\/comments?post=1748"}],"version-history":[{"count":1,"href":"https:\/\/insara.frescoyfino.com\/es\/wp-json\/wp\/v2\/pages\/1748\/revisions"}],"predecessor-version":[{"id":1749,"href":"https:\/\/insara.frescoyfino.com\/es\/wp-json\/wp\/v2\/pages\/1748\/revisions\/1749"}],"wp:attachment":[{"href":"https:\/\/insara.frescoyfino.com\/es\/wp-json\/wp\/v2\/media?parent=1748"}],"curies":[{"name":"wp","href":"https:\/\/api.w.org\/{rel}","templated":true}]}}