{"id":681,"date":"2019-04-23T16:32:57","date_gmt":"2019-04-23T14:32:57","guid":{"rendered":"https:\/\/grupoinsara.com\/quienes-somos\/"},"modified":"2026-02-10T17:37:53","modified_gmt":"2026-02-10T16:37:53","slug":"quienes-somos","status":"publish","type":"page","link":"https:\/\/insara.frescoyfino.com\/es\/quienes-somos\/","title":{"rendered":"Quienes somos"},"content":{"rendered":"<div class=\"wpb-content-wrapper\"><p>[vc_row][vc_column]<div class=\"espacio_medium\"><\/div>[vc_row_inner][vc_column_inner width=&#8221;1\/6&#8243;][\/vc_column_inner][vc_column_inner width=&#8221;2\/3&#8243;]<div class=\"fuente_extra_small fuente_azul text-center text-md-center text-lg-center \">SOBRE NOSOTROS<\/div><div class=\"fuente_large fuente_gris_oscuro text-center text-md-center text-lg-center \"><\/p>\n<h1>En Insara trabajamos para ofrecerte la mejor experiencia de la vida mediterr\u00e1nea<\/h1>\n<p><\/div><div class=\"espacio_small\"><\/div>[\/vc_column_inner][vc_column_inner width=&#8221;1\/6&#8243;][\/vc_column_inner][\/vc_row_inner][vc_row_inner][vc_column_inner width=&#8221;1\/4&#8243;][\/vc_column_inner][vc_column_inner width=&#8221;1\/2&#8243;]<div class=\"fuente_normal fuente_color text-center text-md-center text-lg-center \">Somos la promotora inmobiliaria que te ofrece un estilo de vida sostenible y de calidad con el mejor dise\u00f1o y localizaciones en Torrevieja.<\/div>[\/vc_column_inner][vc_column_inner width=&#8221;1\/4&#8243;][\/vc_column_inner][\/vc_row_inner]<div class=\"espacio_medium\"><\/div>[vc_single_image image=&#8221;5544&#8243; img_size=&#8221;full&#8221; alignment=&#8221;center&#8221; css=&#8221;&#8221;]<div class=\"espacio_medium\"><\/div>[vc_row_inner][vc_column_inner width=&#8221;1\/2&#8243;][vc_column_text]<strong>Grupo Insara<\/strong> es una empresa de promoci\u00f3n y gesti\u00f3n inmobiliaria de origen familiar que desarrolla proyectos residenciales y comerciales en las mejores localizaciones de la <strong>Costa Blanca<\/strong>, en el <strong>Mediterr\u00e1neo<\/strong>.[\/vc_column_text][\/vc_column_inner][vc_column_inner width=&#8221;1\/2&#8243;][vc_column_text]Elegimos las mejores localizaciones a escasos metros del mar y rodeadas de servicios, para ofrecer la mejor calidad de vida a nuestros clientes. Nuestras promociones y urbanizaciones se diferencian por la alta calidad de dise\u00f1o y acabados, buscando siempre alcanzar un dise\u00f1o y construcci\u00f3n sostenibles.[\/vc_column_text][\/vc_column_inner][\/vc_row_inner]<div class=\"espacio_extralarge\"><\/div>[vc_row_inner][vc_column_inner width=&#8221;1\/4&#8243;][\/vc_column_inner][vc_column_inner width=&#8221;1\/2&#8243;]<div class=\"fuente_medium fuente_azul text-center text-md-center text-lg-center \">La <strong>CALIDAD<\/strong>, el <strong>DISE\u00d1O <\/strong>y la <strong>CONFIANZA <\/strong>son nuestros VALORES fundamentales.<\/div>[\/vc_column_inner][vc_column_inner width=&#8221;1\/4&#8243;][\/vc_column_inner][\/vc_row_inner]<div class=\"espacio_extralarge\"><\/div>[\/vc_column][\/vc_row][vc_row full_width=&#8221;stretch_row&#8221; el_class=&#8221;background_gris_claro&#8221;][vc_column]<div class=\"espacio_extralarge\"><\/div>[vc_row_inner][vc_column_inner width=&#8221;1\/6&#8243;][\/vc_column_inner][vc_column_inner width=&#8221;2\/3&#8243;]<div class=\"fuente_extra_small fuente_azul text-center text-md-center text-lg-center \">NUESTRO EQUIPO<\/div><div class=\"fuente_large fuente_gris_oscuro text-center text-md-center text-lg-center \">Conoce a nuestro equipo<\/div><div class=\"espacio_small\"><\/div><div class=\"fuente_normal fuente_color text-center text-md-center text-lg-center \">El resultado de nuestra calidad, es gracias al equipo de <strong>personas altamente cualificadas<\/strong> que trabajan para conseguir nuestros objetivos y <strong>ofrecer una experiencia de usuario \u00fanica<\/strong>.<\/div><div class=\"fuente_normal fuente_color text-center text-md-center text-lg-center \">Contamos con un equipo interdisciplinar que trabaja por ofrecer siempre un producto \u00fanico acompa\u00f1ando a los clientes en la decisi\u00f3n que cambiar\u00e1 sus vidas. Para nosotros lo m\u00e1s importante es el CLIENTE, por eso queremos que nos conozcas personalmente y te pongas en contacto con nosotros siempre que lo necesites.<\/div>[\/vc_column_inner][vc_column_inner width=&#8221;1\/6&#8243;][\/vc_column_inner][\/vc_row_inner]<div class=\"espacio_extralarge\"><\/div><div class=\"row\"><div class=\"col-sm-6 col-md-3 grid_item mb-4\"><img decoding=\"async\" src=\"https:\/\/insara.frescoyfino.com\/wp-content\/uploads\/2019\/05\/grupoinsara-about-pilarramos-756x780.jpg\" alt=\"Pilar Ramos Ban\u00fas\" class=\"img-fluid\"><h2 class=\"mb-2 pb-0\">Pilar Ramos Ban\u00fas<\/h2><div class=\"fuente_extra_small fuente_azul\">Lider equipo desarrollo<\/div><p><p>La empresa de origen familiar lleva desarrollando promociones y urbanizaciones residenciales desde 1969.  En sus comienzos centr\u00f3 su actividad en la zona de Torrevieja Sur con el dise\u00f1o y desarrollo de la exclusiva urbanizaci\u00f3n \u00a8 La Veleta\u00a8. Desde hace 25 a\u00f1os es Pilar quien lidera el equipo desarrollando promociones tanto en el Norte como en el Sur de Torrevieja, siempre siguiendo los valores de transparencia y exigencia que ayudan a la empresa a crecer y no perder de vista los objetivos de cumplir con las normas internacionales de calidad y sostenibilidad.<\/p>\n<\/p><hr><\/div><div class=\"col-sm-6 col-md-3 grid_item mb-4\"><img decoding=\"async\" src=\"https:\/\/insara.frescoyfino.com\/wp-content\/uploads\/2019\/05\/emilio-bloemen-756x780.jpg\" alt=\"Emilio Bloemen\" class=\"img-fluid\"><h2 class=\"mb-2 pb-0\">Emilio Bloemen<\/h2><div class=\"fuente_extra_small fuente_azul\">Director t\u00e9cnico<\/div><p><p>Habla holand\u00e9s, espa\u00f1ol e ingl\u00e9s. Elevada experiencia en el control y seguimiento de obra, cuidando la ejecuci\u00f3n de cada detalle de nuestras promociones. Atento a las necesidades de los clientes y al seguimiento de sus peticiones. Es arquitecto t\u00e9cnico por la UCAM, Murcia , ingeniero de la edificaci\u00f3n por Miguel Hernandez, Madrid y Trade person en Passive Haus.<\/p>\n<\/p><hr><\/div><div class=\"col-sm-6 col-md-3 grid_item mb-4\"><img decoding=\"async\" src=\"https:\/\/insara.frescoyfino.com\/wp-content\/uploads\/2019\/05\/grupoinsara-about-pilarsastre-756x780.jpg\" alt=\"Pilar Sastre Ramos\" class=\"img-fluid\"><h2 class=\"mb-2 pb-0\">Pilar Sastre Ramos<\/h2><div class=\"fuente_extra_small fuente_azul\">Arquitecto Superior<\/div><p><p>Co-directora del estudio de arquitectura SASTRE &#038; SASTRE, estudio colaborador de Grupo Insara. Es Arquitecto Superior por la Universidad Polit\u00e9cnica San Pablo Ceu de Madrid y especializada en Promoci\u00f3n y Desarrollo Inmobiliario por la formaci\u00f3n empresarial REAL ESTATE en el COAM.<\/p>\n<\/p><hr><\/div><div class=\"col-sm-6 col-md-3 grid_item mb-4\"><img decoding=\"async\" src=\"https:\/\/insara.frescoyfino.com\/wp-content\/uploads\/2019\/05\/grupoinsara-about-mariasastre-1-756x780.jpg\" alt=\"Mar\u00eda Sastre Ramos\" class=\"img-fluid\"><h2 class=\"mb-2 pb-0\">Mar\u00eda Sastre Ramos<\/h2><div class=\"fuente_extra_small fuente_azul\">Arquitecto Superior<\/div><p><p>Co-directora del estudio de arquitectura SASTRE &#038; SASTRE, estudio colaborador de Grupo Insara. Es Arquitecto Superior por la Universidad Polit\u00e9cnica San Pablo Ceu de Madrid, Master en City Sciences por la ETSAM y Master en Negocio y Marketing Digital por la escuela de negocios ESDEN.<\/p>\n<\/p><hr><\/div><div class=\"col-sm-6 col-md-3 grid_item mb-4\"><img decoding=\"async\" src=\"https:\/\/insara.frescoyfino.com\/wp-content\/uploads\/2024\/04\/ELOY-OK-760x760.jpg\" alt=\"Eloy Saura\" class=\"img-fluid\"><h2 class=\"mb-2 pb-0\">Eloy Saura<\/h2><div class=\"fuente_extra_small fuente_azul\">Arquitecto tecnico<\/div><p><p>Arquitecto t\u00e9cnico por la UPCT Universidad Polit\u00e9cnica de Cartagena. Forma parte del equipo t\u00e9cnico de Grupo Insara, como gestor integral de proyectos. Nexo entre el dise\u00f1o y la obra de los proyectos que desarrollamos. Experto en el desarrollo de detalles constructivos, mediciones, presupuestos y ejecuci\u00f3n en obra.<\/p>\n<\/p><hr><\/div><div class=\"col-sm-6 col-md-3 grid_item mb-4\"><img decoding=\"async\" src=\"https:\/\/insara.frescoyfino.com\/wp-content\/uploads\/2024\/04\/ivan-ok-760x760.jpg\" alt=\"Ivan Sivila\" class=\"img-fluid\"><h2 class=\"mb-2 pb-0\">Ivan Sivila<\/h2><div class=\"fuente_extra_small fuente_azul\">Arquitecto<\/div><p><p>Grado en Arquitectura por la UCAM, Universidad Cat\u00f3lica de Murcia. Forma parte del equipo t\u00e9cnico de Grupo Insara y Sastre &amp; Sastre Arquitectura como arquitecto BIM en el desarrollo de redacci\u00f3n de proyectos residenciales. Especialista en fotograf\u00eda y dise\u00f1o gr\u00e1fico, con un marcado enfoque en el impacto visual y el detalle creativo.<\/p>\n<\/p><hr><\/div><div class=\"col-sm-6 col-md-3 grid_item mb-4\"><img decoding=\"async\" src=\"https:\/\/insara.frescoyfino.com\/wp-content\/uploads\/2026\/02\/PABLO-760x760.jpg\" alt=\"Pablo L\u00f3pez\" class=\"img-fluid\"><h2 class=\"mb-2 pb-0\">Pablo L\u00f3pez<\/h2><div class=\"fuente_extra_small fuente_azul\">Arquitecto<\/div><p><p>Grado en Arquitectura por la UCAM, Universidad Cat\u00f3lica de Murcia. M\u00e1ster en BIM Management aplicado a la Arquitectura y la Construcci\u00f3n por CICE.<br data-start=\"185\" data-end=\"188\" \/>Experto en dise\u00f1o, construcci\u00f3n y automatizaci\u00f3n mediante Dynamo e Inteligencia Artificial. Pablo destaca por su atenci\u00f3n al detalle como se\u00f1a de identidad.<\/p>\n<\/p><hr><\/div><div class=\"col-sm-6 col-md-3 grid_item mb-4\"><img decoding=\"async\" src=\"https:\/\/insara.frescoyfino.com\/wp-content\/uploads\/2026\/02\/RAMON-2-760x760.jpg\" alt=\"Ram\u00f3n Amat\" class=\"img-fluid\"><h2 class=\"mb-2 pb-0\">Ram\u00f3n Amat<\/h2><div class=\"fuente_extra_small fuente_azul\">Responsable Financiero<\/div><p><p>Licenciado en Econom\u00eda por la UA y MBA por EOI Business School en Madrid. Con m\u00e1s de 25 a\u00f1os de experiencia en direcci\u00f3n financiera y gesti\u00f3n comercial en el sector inmobiliario, especializado en fiscalidad, auditor\u00eda y negociaci\u00f3n bancaria, contribuyendo al crecimiento y la reestructuraci\u00f3n de relevantes grupos inmobiliarios.<\/p>\n<\/p><hr><\/div><div class=\"col-sm-6 col-md-3 grid_item mb-4\"><img decoding=\"async\" src=\"https:\/\/insara.frescoyfino.com\/wp-content\/uploads\/2026\/02\/SANDRA-1-760x760.jpg\" alt=\"Sandra Cerezuela\" class=\"img-fluid\"><h2 class=\"mb-2 pb-0\">Sandra Cerezuela<\/h2><div class=\"fuente_extra_small fuente_azul\">Administraci\u00f3n<\/div><p><p>Sandra es Licenciada en Sociolog\u00eda y cuenta con un M\u00e1ster en Marketing Digital por la Universidad de Alicante. Desempe\u00f1a un papel clave en la gesti\u00f3n y optimizaci\u00f3n de recursos, as\u00ed como en el apoyo a la planificaci\u00f3n, coordinaci\u00f3n y seguimiento de proyectos estrat\u00e9gicos. Act\u00faa como nexo entre los distintos equipos, facilitando la comunicaci\u00f3n interna y asegurando la correcta ejecuci\u00f3n de los procesos aportando organizaci\u00f3n, visi\u00f3n anal\u00edtica y orientaci\u00f3n a resultados.<\/p>\n<\/p><hr><\/div><div class=\"col-sm-6 col-md-3 grid_item mb-4\"><img decoding=\"async\" src=\"https:\/\/insara.frescoyfino.com\/wp-content\/uploads\/2024\/04\/ANDRES-760x760.jpg\" alt=\"Andres Lid\u00f3n\" class=\"img-fluid\"><h2 class=\"mb-2 pb-0\">Andres Lid\u00f3n<\/h2><div class=\"fuente_extra_small fuente_azul\">Jefe de Mantenimiento y Post Venta<\/div><p><p>Es responsable del mantenimiento y amueblamiento de nuestras viviendas, garantizando que cada propiedad cumpla con los est\u00e1ndares de calidad de la compa\u00f1\u00eda antes de su entrega. Proactivo y orientado a la resoluci\u00f3n de incidencias, desempe\u00f1a un papel clave en las fases de entrega y postventa, asegurando una respuesta \u00e1gil y eficaz ante cualquier necesidad de mantenimiento y contribuyendo de forma significativa a la satisfacci\u00f3n del cliente.<\/p>\n<\/p><hr><\/div><div class=\"col-sm-6 col-md-3 grid_item mb-4\"><img decoding=\"async\" src=\"https:\/\/insara.frescoyfino.com\/wp-content\/uploads\/2026\/02\/PATRICIA-OK-760x760.jpg\" alt=\"Patricia Granero\" class=\"img-fluid\"><h2 class=\"mb-2 pb-0\">Patricia Granero<\/h2><div class=\"fuente_extra_small fuente_azul\">Directora comercial<\/div><p><p><span class=\"markvootjtjs1\" data-markjs=\"true\" data-ogac=\"\" data-ogab=\"\" data-ogsc=\"\" data-ogsb=\"\" data-olk-copy-source=\"MessageBody\">Patricia<\/span>\u00a0cuenta con m\u00e1s de 20 a\u00f1os de experiencia internacional en el sector inmobiliario, liderando equipos comerciales y desarrollando estrategias orientadas a resultados, con un fuerte enfoque en el valor al cliente. Licenciada y con postgrado en Marketing por Westminster University, destaca por su visi\u00f3n estrat\u00e9gica y su capacidad para impulsar el crecimiento del negocio.<\/p>\n<\/p><hr><div class=\"fuente_extra_small\">+34 687 86 82 11 <br\/> patricia@grupoinsara.com<\/div><hr><\/div><div class=\"col-sm-6 col-md-3 grid_item mb-4\"><img decoding=\"async\" src=\"https:\/\/insara.frescoyfino.com\/wp-content\/uploads\/2019\/05\/DIEGO-1-760x760.jpg\" alt=\"Diego Mart\u00ednez\" class=\"img-fluid\"><h2 class=\"mb-2 pb-0\">Diego Mart\u00ednez<\/h2><div class=\"fuente_extra_small fuente_azul\">Asesor comercial Senior y Responsable de alquiler vacacional<\/div><div class=\"x_elementToProof\" data-olk-copy-source=\"MessageBody\">Licenciado en Ciencias y T\u00e9cnicas Estad\u00edsticas por la UMH de Elche. Con 25 a\u00f1os de experiencia en el sector inmobiliario, acompa\u00f1ando al cliente durante su decisi\u00f3n de compra y facilit\u00e1ndole todo el proceso. Gestiona el negocio de alquiler vacacional desde 2018, ofreciendo un servicio con gran valor a\u00f1adido a nuestros clientes. Habla espa\u00f1ol, ingl\u00e9s y franc\u00e9s.<\/div>\n<div id=\"x_Signature\" class=\"x_elementToProof\">\n<div class=\"x_elementToProof\"><\/div>\n<\/div><hr><div class=\"fuente_extra_small\">+34 685 83 05 20 <br\/> diego@grupoinsara.com<\/div><hr><\/div><div class=\"col-sm-6 col-md-3 grid_item mb-4\"><img decoding=\"async\" src=\"https:\/\/insara.frescoyfino.com\/wp-content\/uploads\/2024\/04\/KAHINA-760x760.jpg\" alt=\"Kahina Abbott\" class=\"img-fluid\"><h2 class=\"mb-2 pb-0\">Kahina Abbott<\/h2><div class=\"fuente_extra_small fuente_azul\"> Asesora comercial y Marketing<\/div><p><p>Kahina asesora de forma integral a los clientes durante todo el proceso de compra con un enfoque profesional y cercano. Licenciada en Filolog\u00eda Hisp\u00e1nica por la Universidad de Leeds, habla ingl\u00e9s, espa\u00f1ol y catal\u00e1n, aportando s\u00f3lidas habilidades de comunicaci\u00f3n intercultural y una gran atenci\u00f3n al detalle.<\/p>\n<\/p><hr><div class=\"fuente_extra_small\">+34 659 28 95 03 <br\/> kahina@grupoinsara.com<\/div><hr><\/div><div class=\"col-sm-6 col-md-3 grid_item mb-4\"><img decoding=\"async\" src=\"https:\/\/insara.frescoyfino.com\/wp-content\/uploads\/2026\/02\/ENMA-760x760.jpg\" alt=\"Enma Gonz\u00e1lez\" class=\"img-fluid\"><h2 class=\"mb-2 pb-0\">Enma Gonz\u00e1lez<\/h2><div class=\"fuente_extra_small fuente_azul\">Marketing<\/div><p><p>Licenciada en Publicidad y Relaciones P\u00fablicas por la Universidad de Alicante, cuenta con casi 15 a\u00f1os de experiencia en el sector inmobiliario. Especializada en la gesti\u00f3n y experiencia del cliente internacional. Comunicadora estrat\u00e9gica, orienta su trabajo a resultados y al cumplimiento de los objetivos empresariales.<\/p>\n<\/p><hr><div class=\"fuente_extra_small\">+34 644 04 14 46 <br\/> marketing@grupoinsara.com<\/div><hr><\/div><\/div><div class=\"espacio_extralarge\"><\/div>[\/vc_column][\/vc_row]<\/p>\n<\/div>","protected":false},"excerpt":{"rendered":"<p>[vc_row][vc_column][vc_row_inner][vc_column_inner width=&#8221;1\/6&#8243;][\/vc_column_inner][vc_column_inner width=&#8221;2\/3&#8243;][\/vc_column_inner][vc_column_inner width=&#8221;1\/6&#8243;][\/vc_column_inner][\/vc_row_inner][vc_row_inner][vc_column_inner width=&#8221;1\/4&#8243;][\/vc_column_inner][vc_column_inner width=&#8221;1\/2&#8243;][\/vc_column_inner][vc_column_inner width=&#8221;1\/4&#8243;][\/vc_column_inner][\/vc_row_inner][vc_single_image image=&#8221;5544&#8243; img_size=&#8221;full&#8221; alignment=&#8221;center&#8221; css=&#8221;&#8221;][vc_row_inner][vc_column_inner width=&#8221;1\/2&#8243;][vc_column_text]Grupo Insara es una empresa de promoci\u00f3n y gesti\u00f3n inmobiliaria de origen familiar que desarrolla proyectos residenciales y comerciales en las mejores localizaciones de la Costa Blanca, en el Mediterr\u00e1neo.[\/vc_column_text][\/vc_column_inner][vc_column_inner width=&#8221;1\/2&#8243;][vc_column_text]Elegimos las mejores localizaciones a escasos metros del mar y rodeadas de servicios, para [&hellip;]<\/p>\n","protected":false},"author":1,"featured_media":0,"parent":0,"menu_order":21,"comment_status":"closed","ping_status":"closed","template":"","meta":{"_acf_changed":false,"footnotes":""},"class_list":["post-681","page","type-page","status-publish","hentry"],"acf":[],"yoast_head":"<!-- This site is optimized with the Yoast SEO plugin v23.6 - https:\/\/yoast.com\/wordpress\/plugins\/seo\/ -->\n<title>equipo grupo insara<\/title>\n<meta name=\"description\" content=\"Somos una promotora inmobiliaria que ofrece un estilo de vida sostenible y de calidad. Con el mejor dise\u00f1o arquitect\u00f3nico y localizaciones en Torrevieja.\" \/>\n<meta name=\"robots\" content=\"index, follow, max-snippet:-1, max-image-preview:large, max-video-preview:-1\" \/>\n<link rel=\"canonical\" href=\"https:\/\/insara.frescoyfino.com\/es\/quienes-somos\/\" \/>\n<meta property=\"og:locale\" content=\"es_ES\" \/>\n<meta property=\"og:type\" content=\"article\" \/>\n<meta property=\"og:title\" content=\"equipo grupo insara\" \/>\n<meta property=\"og:description\" content=\"Somos una promotora inmobiliaria que ofrece un estilo de vida sostenible y de calidad. Con el mejor dise\u00f1o arquitect\u00f3nico y localizaciones en Torrevieja.\" \/>\n<meta property=\"og:url\" content=\"https:\/\/insara.frescoyfino.com\/es\/quienes-somos\/\" \/>\n<meta property=\"og:site_name\" content=\"Grupo Insara Developments\" \/>\n<meta property=\"article:modified_time\" content=\"2026-02-10T16:37:53+00:00\" \/>\n<meta name=\"twitter:card\" content=\"summary_large_image\" \/>\n<meta name=\"twitter:label1\" content=\"Est. reading time\" \/>\n\t<meta name=\"twitter:data1\" content=\"3 minutes\" \/>\n<script type=\"application\/ld+json\" class=\"yoast-schema-graph\">{\"@context\":\"https:\/\/schema.org\",\"@graph\":[{\"@type\":\"WebPage\",\"@id\":\"https:\/\/insara.frescoyfino.com\/es\/quienes-somos\/\",\"url\":\"https:\/\/insara.frescoyfino.com\/es\/quienes-somos\/\",\"name\":\"equipo grupo insara\",\"isPartOf\":{\"@id\":\"https:\/\/insara.frescoyfino.com\/es\/#website\"},\"datePublished\":\"2019-04-23T14:32:57+00:00\",\"dateModified\":\"2026-02-10T16:37:53+00:00\",\"description\":\"Somos una promotora inmobiliaria que ofrece un estilo de vida sostenible y de calidad. Con el mejor dise\u00f1o arquitect\u00f3nico y localizaciones en Torrevieja.\",\"breadcrumb\":{\"@id\":\"https:\/\/insara.frescoyfino.com\/es\/quienes-somos\/#breadcrumb\"},\"inLanguage\":\"es-ES\",\"potentialAction\":[{\"@type\":\"ReadAction\",\"target\":[\"https:\/\/insara.frescoyfino.com\/es\/quienes-somos\/\"]}]},{\"@type\":\"BreadcrumbList\",\"@id\":\"https:\/\/insara.frescoyfino.com\/es\/quienes-somos\/#breadcrumb\",\"itemListElement\":[{\"@type\":\"ListItem\",\"position\":1,\"name\":\"Portada\",\"item\":\"https:\/\/insara.frescoyfino.com\/es\/\"},{\"@type\":\"ListItem\",\"position\":2,\"name\":\"Quienes somos\"}]},{\"@type\":\"WebSite\",\"@id\":\"https:\/\/insara.frescoyfino.com\/es\/#website\",\"url\":\"https:\/\/insara.frescoyfino.com\/es\/\",\"name\":\"Grupo Insara Developments\",\"description\":\"Enjoy your home in the Mediterranean\",\"potentialAction\":[{\"@type\":\"SearchAction\",\"target\":{\"@type\":\"EntryPoint\",\"urlTemplate\":\"https:\/\/insara.frescoyfino.com\/es\/?s={search_term_string}\"},\"query-input\":{\"@type\":\"PropertyValueSpecification\",\"valueRequired\":true,\"valueName\":\"search_term_string\"}}],\"inLanguage\":\"es-ES\"}]}<\/script>\n<!-- \/ Yoast SEO plugin. -->","yoast_head_json":{"title":"equipo grupo insara","description":"Somos una promotora inmobiliaria que ofrece un estilo de vida sostenible y de calidad. Con el mejor dise\u00f1o arquitect\u00f3nico y localizaciones en Torrevieja.","robots":{"index":"index","follow":"follow","max-snippet":"max-snippet:-1","max-image-preview":"max-image-preview:large","max-video-preview":"max-video-preview:-1"},"canonical":"https:\/\/insara.frescoyfino.com\/es\/quienes-somos\/","og_locale":"es_ES","og_type":"article","og_title":"equipo grupo insara","og_description":"Somos una promotora inmobiliaria que ofrece un estilo de vida sostenible y de calidad. Con el mejor dise\u00f1o arquitect\u00f3nico y localizaciones en Torrevieja.","og_url":"https:\/\/insara.frescoyfino.com\/es\/quienes-somos\/","og_site_name":"Grupo Insara Developments","article_modified_time":"2026-02-10T16:37:53+00:00","twitter_card":"summary_large_image","twitter_misc":{"Est. reading time":"3 minutes"},"schema":{"@context":"https:\/\/schema.org","@graph":[{"@type":"WebPage","@id":"https:\/\/insara.frescoyfino.com\/es\/quienes-somos\/","url":"https:\/\/insara.frescoyfino.com\/es\/quienes-somos\/","name":"equipo grupo insara","isPartOf":{"@id":"https:\/\/insara.frescoyfino.com\/es\/#website"},"datePublished":"2019-04-23T14:32:57+00:00","dateModified":"2026-02-10T16:37:53+00:00","description":"Somos una promotora inmobiliaria que ofrece un estilo de vida sostenible y de calidad. Con el mejor dise\u00f1o arquitect\u00f3nico y localizaciones en Torrevieja.","breadcrumb":{"@id":"https:\/\/insara.frescoyfino.com\/es\/quienes-somos\/#breadcrumb"},"inLanguage":"es-ES","potentialAction":[{"@type":"ReadAction","target":["https:\/\/insara.frescoyfino.com\/es\/quienes-somos\/"]}]},{"@type":"BreadcrumbList","@id":"https:\/\/insara.frescoyfino.com\/es\/quienes-somos\/#breadcrumb","itemListElement":[{"@type":"ListItem","position":1,"name":"Portada","item":"https:\/\/insara.frescoyfino.com\/es\/"},{"@type":"ListItem","position":2,"name":"Quienes somos"}]},{"@type":"WebSite","@id":"https:\/\/insara.frescoyfino.com\/es\/#website","url":"https:\/\/insara.frescoyfino.com\/es\/","name":"Grupo Insara Developments","description":"Enjoy your home in the Mediterranean","potentialAction":[{"@type":"SearchAction","target":{"@type":"EntryPoint","urlTemplate":"https:\/\/insara.frescoyfino.com\/es\/?s={search_term_string}"},"query-input":{"@type":"PropertyValueSpecification","valueRequired":true,"valueName":"search_term_string"}}],"inLanguage":"es-ES"}]}},"_links":{"self":[{"href":"https:\/\/insara.frescoyfino.com\/es\/wp-json\/wp\/v2\/pages\/681","targetHints":{"allow":["GET"]}}],"collection":[{"href":"https:\/\/insara.frescoyfino.com\/es\/wp-json\/wp\/v2\/pages"}],"about":[{"href":"https:\/\/insara.frescoyfino.com\/es\/wp-json\/wp\/v2\/types\/page"}],"author":[{"embeddable":true,"href":"https:\/\/insara.frescoyfino.com\/es\/wp-json\/wp\/v2\/users\/1"}],"replies":[{"embeddable":true,"href":"https:\/\/insara.frescoyfino.com\/es\/wp-json\/wp\/v2\/comments?post=681"}],"version-history":[{"count":30,"href":"https:\/\/insara.frescoyfino.com\/es\/wp-json\/wp\/v2\/pages\/681\/revisions"}],"predecessor-version":[{"id":5601,"href":"https:\/\/insara.frescoyfino.com\/es\/wp-json\/wp\/v2\/pages\/681\/revisions\/5601"}],"wp:attachment":[{"href":"https:\/\/insara.frescoyfino.com\/es\/wp-json\/wp\/v2\/media?parent=681"}],"curies":[{"name":"wp","href":"https:\/\/api.w.org\/{rel}","templated":true}]}}